{"id":546,"date":"2023-04-26T13:57:40","date_gmt":"2023-04-26T13:57:40","guid":{"rendered":"http:\/\/localhost:8080\/xava\/?page_id=546"},"modified":"2023-05-19T05:31:00","modified_gmt":"2023-05-19T05:31:00","slug":"sobre-o-xava","status":"publish","type":"page","link":"https:\/\/xava.co.mz\/?page_id=546","title":{"rendered":"Sobre o XAVA"},"content":{"rendered":"\t\t<div data-elementor-type=\"wp-page\" data-elementor-id=\"546\" class=\"elementor elementor-546\">\n\t\t\t\t\t\t\t\t\t<section class=\"elementor-section elementor-top-section elementor-element elementor-element-c090f6c elementor-section-boxed elementor-section-height-default elementor-section-height-default elementor-invisible\" data-id=\"c090f6c\" data-element_type=\"section\" data-settings=\"{&quot;background_background&quot;:&quot;classic&quot;,&quot;animation&quot;:&quot;fadeInUp&quot;}\">\n\t\t\t\t\t\t<div class=\"elementor-container elementor-column-gap-default\">\n\t\t\t\t\t<div class=\"elementor-column elementor-col-100 elementor-top-column elementor-element elementor-element-ec179f2\" data-id=\"ec179f2\" data-element_type=\"column\">\n\t\t\t<div class=\"elementor-widget-wrap elementor-element-populated\">\n\t\t\t\t\t\t\t\t<section class=\"elementor-section elementor-inner-section elementor-element elementor-element-e15764c elementor-section-boxed elementor-section-height-default elementor-section-height-default\" data-id=\"e15764c\" data-element_type=\"section\">\n\t\t\t\t\t\t<div class=\"elementor-container elementor-column-gap-default\">\n\t\t\t\t\t<div class=\"elementor-column elementor-col-50 elementor-inner-column elementor-element elementor-element-4767c38\" data-id=\"4767c38\" data-element_type=\"column\">\n\t\t\t<div class=\"elementor-widget-wrap elementor-element-populated\">\n\t\t\t\t\t\t\t\t<div class=\"elementor-element elementor-element-de12522 elementor-widget elementor-widget-heading\" data-id=\"de12522\" data-element_type=\"widget\" data-widget_type=\"heading.default\">\n\t\t\t\t<div class=\"elementor-widget-container\">\n\t\t\t<style>\/*! elementor - v3.13.2 - 11-05-2023 *\/\n.elementor-heading-title{padding:0;margin:0;line-height:1}.elementor-widget-heading .elementor-heading-title[class*=elementor-size-]>a{color:inherit;font-size:inherit;line-height:inherit}.elementor-widget-heading .elementor-heading-title.elementor-size-small{font-size:15px}.elementor-widget-heading .elementor-heading-title.elementor-size-medium{font-size:19px}.elementor-widget-heading .elementor-heading-title.elementor-size-large{font-size:29px}.elementor-widget-heading .elementor-heading-title.elementor-size-xl{font-size:39px}.elementor-widget-heading .elementor-heading-title.elementor-size-xxl{font-size:59px}<\/style><h2 class=\"elementor-heading-title elementor-size-default\">SOBRE N\u00d3S<\/h2>\t\t<\/div>\n\t\t\t\t<\/div>\n\t\t\t\t<div class=\"elementor-element elementor-element-5cad00e elementor-invisible elementor-widget elementor-widget-heading\" data-id=\"5cad00e\" data-element_type=\"widget\" data-settings=\"{&quot;_animation&quot;:&quot;fadeInDown&quot;}\" data-widget_type=\"heading.default\">\n\t\t\t\t<div class=\"elementor-widget-container\">\n\t\t\t<h2 class=\"elementor-heading-title elementor-size-default\"><span lang=\"PT\" style=\"font-size:11.pt;line-height:\n107%;font-family:&quot;Calibri&quot;,&quot;sans-serif&quot;;mso-ascii-theme-font:minor-latin;\nmso-fareast-font-family:Calibri;mso-fareast-theme-font:minor-latin;mso-hansi-theme-font:\nminor-latin;mso-bidi-font-family:Arial;mso-bidi-theme-font:minor-bidi;\nmso-ansi-language:PT;mso-fareast-language:EN-US;mso-bidi-language:AR-SA\">A XAVA\n\u00e9 uma empresa 100% mo\u00e7ambicana, jovem, criada em 2010 para atender uma\ncrescente <\/span><span lang=\"PT\" style=\"font-size:11.pt;line-height:107%;\nfont-family:&quot;Calibri&quot;,&quot;sans-serif&quot;;mso-ascii-theme-font:minor-latin;mso-fareast-font-family:\nCalibri;mso-fareast-theme-font:minor-latin;mso-hansi-theme-font:minor-latin;\nmso-bidi-theme-font:minor-latin;mso-ansi-language:PT;mso-fareast-language:EN-US;\nmso-bidi-language:AR-SA\">demanda do mercado pelo e-commerce.<\/span><\/h2>\t\t<\/div>\n\t\t\t\t<\/div>\n\t\t\t\t\t<\/div>\n\t\t<\/div>\n\t\t\t\t<div class=\"elementor-column elementor-col-50 elementor-inner-column elementor-element elementor-element-34dd16d\" data-id=\"34dd16d\" data-element_type=\"column\">\n\t\t\t<div class=\"elementor-widget-wrap elementor-element-populated\">\n\t\t\t\t\t\t\t\t<div class=\"elementor-element elementor-element-76317cf elementor-widget elementor-widget-text-editor\" data-id=\"76317cf\" data-element_type=\"widget\" data-widget_type=\"text-editor.default\">\n\t\t\t\t<div class=\"elementor-widget-container\">\n\t\t\t<style>\/*! elementor - v3.13.2 - 11-05-2023 *\/\n.elementor-widget-text-editor.elementor-drop-cap-view-stacked .elementor-drop-cap{background-color:#69727d;color:#fff}.elementor-widget-text-editor.elementor-drop-cap-view-framed .elementor-drop-cap{color:#69727d;border:3px solid;background-color:transparent}.elementor-widget-text-editor:not(.elementor-drop-cap-view-default) .elementor-drop-cap{margin-top:8px}.elementor-widget-text-editor:not(.elementor-drop-cap-view-default) .elementor-drop-cap-letter{width:1em;height:1em}.elementor-widget-text-editor .elementor-drop-cap{float:left;text-align:center;line-height:1;font-size:50px}.elementor-widget-text-editor .elementor-drop-cap-letter{display:inline-block}<\/style>\t\t\t\t<h6><span lang=\"PT\">A experi\u00eancia e conhecimentos que adquirimos ao longo de mais de 12 anos de actividade profissional tem sido crucial para satisfazermos as exig\u00eancias dos nossos clientes.<\/span><\/h6><h6 style=\"margin-bottom: .0001pt; text-align: justify; line-height: 150%;\"><span lang=\"PT\">Hoje, a XAVA conta com uma equipa de profissionais experientes, pronta a prestar o melhor servi\u00e7o aos clientes particulares e corporativos, n\u00e3o esquecendo as ONG\u2019s e Estado. A ess\u00eancia do sucesso do projecto XAVA resulta de uma preocupa\u00e7\u00e3o e procura constantes de satisfazer os clientes, apostando para tal:<\/span><\/h6><ul><li><h6><span lang=\"PT\">Na selec\u00e7\u00e3o criteriosa dos melhores fornecedores;<\/span><\/h6><\/li><li><h6><!--[endif]--><span lang=\"PT\">Numa equipa de profissionais qualificados;<\/span><\/h6><\/li><li><h6><span lang=\"PT\">Na experi\u00eancia e conhecimento acumulados;<\/span><\/h6><\/li><li><h6><!--[endif]--><span lang=\"PT\">No atendimento e servi\u00e7o p\u00f3s-venda.<\/span><\/h6><\/li><\/ul>\t\t\t\t\t\t<\/div>\n\t\t\t\t<\/div>\n\t\t\t\t\t<\/div>\n\t\t<\/div>\n\t\t\t\t\t\t\t<\/div>\n\t\t<\/section>\n\t\t\t\t\t<\/div>\n\t\t<\/div>\n\t\t\t\t\t\t\t<\/div>\n\t\t<\/section>\n\t\t\t\t<section class=\"elementor-section elementor-top-section elementor-element elementor-element-176ce72 elementor-section-boxed elementor-section-height-default elementor-section-height-default\" data-id=\"176ce72\" data-element_type=\"section\">\n\t\t\t\t\t\t<div class=\"elementor-container elementor-column-gap-default\">\n\t\t\t\t\t<div class=\"elementor-column elementor-col-100 elementor-top-column elementor-element elementor-element-21c2a67\" data-id=\"21c2a67\" data-element_type=\"column\">\n\t\t\t<div class=\"elementor-widget-wrap elementor-element-populated\">\n\t\t\t\t\t\t\t\t<div class=\"elementor-element elementor-element-8551a2a elementor-widget elementor-widget-text-editor\" data-id=\"8551a2a\" data-element_type=\"widget\" data-widget_type=\"text-editor.default\">\n\t\t\t\t<div class=\"elementor-widget-container\">\n\t\t\t\t\t\t\t<p>Areas de Actua\u00e7\u00e3o<\/p>\t\t\t\t\t\t<\/div>\n\t\t\t\t<\/div>\n\t\t\t\t<div class=\"elementor-element elementor-element-0246f15 elementor-widget elementor-widget-text-editor\" data-id=\"0246f15\" data-element_type=\"widget\" data-widget_type=\"text-editor.default\">\n\t\t\t\t<div class=\"elementor-widget-container\">\n\t\t\t\t\t\t\t<p><span lang=\"PT\" style=\"color: #000000;\">Com base na experi\u00eancia que temos vindo a adquirir no mercado, voltamos as nossas sinergias para as seguintes categorias:<\/span><\/p><ul><li><span lang=\"PT\" style=\"color: #000000;\">Venda de Equipamento inform\u00e1tico e eletr\u00f3nico<\/span><\/li><li><span lang=\"PT\" style=\"color: #000000;\">Venda de motorizadas e bicicletas<\/span><\/li><li><span style=\"color: #000000;\">Venda de motores de barcos<\/span><\/li><li><span style=\"color: #000000;\">Venda de material de escrit\u00f3rio e papelaria<\/span><\/li><\/ul><p><span lang=\"PT\">\u00a0<\/span><\/p>\t\t\t\t\t\t<\/div>\n\t\t\t\t<\/div>\n\t\t\t\t\t<\/div>\n\t\t<\/div>\n\t\t\t\t\t\t\t<\/div>\n\t\t<\/section>\n\t\t\t\t<section class=\"elementor-section elementor-top-section elementor-element elementor-element-3926689 elementor-section-boxed elementor-section-height-default elementor-section-height-default\" data-id=\"3926689\" data-element_type=\"section\">\n\t\t\t\t\t\t<div class=\"elementor-container elementor-column-gap-default\">\n\t\t\t\t\t<div class=\"elementor-column elementor-col-33 elementor-top-column elementor-element elementor-element-700a42e\" data-id=\"700a42e\" data-element_type=\"column\">\n\t\t\t<div class=\"elementor-widget-wrap elementor-element-populated\">\n\t\t\t\t\t\t\t\t<section class=\"elementor-section elementor-inner-section elementor-element elementor-element-ea312b3 elementor-section-boxed elementor-section-height-default elementor-section-height-default elementor-invisible\" data-id=\"ea312b3\" data-element_type=\"section\" data-settings=\"{&quot;animation&quot;:&quot;fadeInUp&quot;}\">\n\t\t\t\t\t\t<div class=\"elementor-container elementor-column-gap-default\">\n\t\t\t\t\t<div class=\"elementor-column elementor-col-100 elementor-inner-column elementor-element elementor-element-9ca2f34\" data-id=\"9ca2f34\" data-element_type=\"column\">\n\t\t\t<div class=\"elementor-widget-wrap elementor-element-populated\">\n\t\t\t\t\t\t\t\t<div class=\"elementor-element elementor-element-ada3330 eael-infobox-content-align-center eael-infobox-shape-square eael-infobox-hover-img-shape-square elementor-widget elementor-widget-eael-info-box\" data-id=\"ada3330\" data-element_type=\"widget\" data-widget_type=\"eael-info-box.default\">\n\t\t\t\t<div class=\"elementor-widget-container\">\n\t\t\t        <div class=\"eael-infobox\">\n\t            <div class=\"infobox-icon\">\n\n                            <img decoding=\"async\" src=\"https:\/\/xava.co.mz\/wp-content\/uploads\/2023\/04\/marketing.webp\" alt=\"\">\n            \n            \n            \n        <\/div>\n            <div class=\"infobox-content\">\n                            <h4 class=\"title\">Miss\u00e3o<\/h4>\n                                                                        <p><p>A XAVA foi criada com o intuito de melhorar e facilitar a vida dos mo\u00e7ambicanos e de todos os que residem no pa\u00eds.<\/p><\/p>\n                                                                            <\/div>\n            <\/div>\n\n\t\t\t\t<\/div>\n\t\t\t\t<\/div>\n\t\t\t\t\t<\/div>\n\t\t<\/div>\n\t\t\t\t\t\t\t<\/div>\n\t\t<\/section>\n\t\t\t\t\t<\/div>\n\t\t<\/div>\n\t\t\t\t<div class=\"elementor-column elementor-col-33 elementor-top-column elementor-element elementor-element-01f72eb\" data-id=\"01f72eb\" data-element_type=\"column\">\n\t\t\t<div class=\"elementor-widget-wrap elementor-element-populated\">\n\t\t\t\t\t\t\t\t<section class=\"elementor-section elementor-inner-section elementor-element elementor-element-412e1cf elementor-section-boxed elementor-section-height-default elementor-section-height-default elementor-invisible\" data-id=\"412e1cf\" data-element_type=\"section\" data-settings=\"{&quot;animation&quot;:&quot;fadeInUp&quot;}\">\n\t\t\t\t\t\t<div class=\"elementor-container elementor-column-gap-default\">\n\t\t\t\t\t<div class=\"elementor-column elementor-col-100 elementor-inner-column elementor-element elementor-element-808b9f8\" data-id=\"808b9f8\" data-element_type=\"column\">\n\t\t\t<div class=\"elementor-widget-wrap elementor-element-populated\">\n\t\t\t\t\t\t\t\t<div class=\"elementor-element elementor-element-1fbf820 eael-infobox-content-align-center eael-infobox-shape-square eael-infobox-hover-img-shape-square elementor-widget elementor-widget-eael-info-box\" data-id=\"1fbf820\" data-element_type=\"widget\" data-widget_type=\"eael-info-box.default\">\n\t\t\t\t<div class=\"elementor-widget-container\">\n\t\t\t        <div class=\"eael-infobox\">\n\t            <div class=\"infobox-icon\">\n\n                            <img decoding=\"async\" src=\"https:\/\/xava.co.mz\/wp-content\/uploads\/2023\/04\/vision.png\" alt=\"\">\n            \n            \n            \n        <\/div>\n            <div class=\"infobox-content\">\n                            <h4 class=\"title\">Vis\u00e3o<\/h4>\n                                                                        <p><p>Tornar-se uma empresa l\u00edder no \u00a0mercado nos ramo Comercial.<\/p><p>\u00a0<\/p><p>\u00a0<\/p><p>\u00a0<\/p><p>\u00a0<\/p><\/p>\n                                                                            <\/div>\n            <\/div>\n\n\t\t\t\t<\/div>\n\t\t\t\t<\/div>\n\t\t\t\t\t<\/div>\n\t\t<\/div>\n\t\t\t\t\t\t\t<\/div>\n\t\t<\/section>\n\t\t\t\t\t<\/div>\n\t\t<\/div>\n\t\t\t\t<div class=\"elementor-column elementor-col-33 elementor-top-column elementor-element elementor-element-2476a62\" data-id=\"2476a62\" data-element_type=\"column\">\n\t\t\t<div class=\"elementor-widget-wrap elementor-element-populated\">\n\t\t\t\t\t\t\t\t<section class=\"elementor-section elementor-inner-section elementor-element elementor-element-3cc0761 elementor-section-boxed elementor-section-height-default elementor-section-height-default elementor-invisible\" data-id=\"3cc0761\" data-element_type=\"section\" data-settings=\"{&quot;animation&quot;:&quot;fadeInUp&quot;}\">\n\t\t\t\t\t\t<div class=\"elementor-container elementor-column-gap-default\">\n\t\t\t\t\t<div class=\"elementor-column elementor-col-100 elementor-inner-column elementor-element elementor-element-fdd4e3c\" data-id=\"fdd4e3c\" data-element_type=\"column\">\n\t\t\t<div class=\"elementor-widget-wrap elementor-element-populated\">\n\t\t\t\t\t\t\t\t<div class=\"elementor-element elementor-element-6f6859d eael-infobox-content-align-center eael-infobox-shape-square eael-infobox-hover-img-shape-square elementor-widget elementor-widget-eael-info-box\" data-id=\"6f6859d\" data-element_type=\"widget\" data-widget_type=\"eael-info-box.default\">\n\t\t\t\t<div class=\"elementor-widget-container\">\n\t\t\t        <div class=\"eael-infobox\">\n\t            <div class=\"infobox-icon\">\n\n                            <img decoding=\"async\" src=\"https:\/\/xava.co.mz\/wp-content\/uploads\/2023\/04\/values.png\" alt=\"\">\n            \n            \n            \n        <\/div>\n            <div class=\"infobox-content\">\n                            <h4 class=\"title\">Valores<\/h4>\n                                                                        <p><ul><li style=\"text-align: left;\">Uni\u00e3o<\/li><li style=\"text-align: left;\">Confian\u00e7a<\/li><li style=\"text-align: left;\">Honestidade<\/li><li style=\"text-align: left;\">Humanidade<\/li><li style=\"text-align: left;\">Respeito<\/li><li style=\"text-align: left;\">Foco no crescimento<\/li><\/ul><\/p>\n                                                                            <\/div>\n            <\/div>\n\n\t\t\t\t<\/div>\n\t\t\t\t<\/div>\n\t\t\t\t\t<\/div>\n\t\t<\/div>\n\t\t\t\t\t\t\t<\/div>\n\t\t<\/section>\n\t\t\t\t\t<\/div>\n\t\t<\/div>\n\t\t\t\t\t\t\t<\/div>\n\t\t<\/section>\n\t\t\t\t<section class=\"elementor-section elementor-top-section elementor-element elementor-element-900bd6e elementor-section-boxed elementor-section-height-default elementor-section-height-default\" data-id=\"900bd6e\" data-element_type=\"section\">\n\t\t\t\t\t\t<div class=\"elementor-container elementor-column-gap-default\">\n\t\t\t\t\t<div class=\"elementor-column elementor-col-100 elementor-top-column elementor-element elementor-element-0aa3011\" data-id=\"0aa3011\" data-element_type=\"column\">\n\t\t\t<div class=\"elementor-widget-wrap elementor-element-populated\">\n\t\t\t\t\t\t\t\t<div class=\"elementor-element elementor-element-f6072a8 elementor-widget elementor-widget-heading\" data-id=\"f6072a8\" data-element_type=\"widget\" data-widget_type=\"heading.default\">\n\t\t\t\t<div class=\"elementor-widget-container\">\n\t\t\t<h2 class=\"elementor-heading-title elementor-size-default\">NOSSA EQUIPA<\/h2>\t\t<\/div>\n\t\t\t\t<\/div>\n\t\t\t\t<div class=\"elementor-element elementor-element-1cec3ca elementor-widget elementor-widget-text-editor\" data-id=\"1cec3ca\" data-element_type=\"widget\" data-widget_type=\"text-editor.default\">\n\t\t\t\t<div class=\"elementor-widget-container\">\n\t\t\t\t\t\t\t<div class='rt-container-fluid rt-team-container rt-pos-r rt-team-container-587' id='rt-team-container-1745766944'  data-layout='layout3' data-desktop-col='3'  data-tab-col='2'  data-mobile-col='1' data-sc-id='587' data-popup-bg=''><div data-title='Loading ...' class='rt-row rt-content-loader layout3 ttp-even ttp-pre-loader'><div class=\"rt-col-md-4 rt-col-sm-6 rt-col-xs-12  even-grid-item rt-grid-item\" data-id=\"581\"><div class=\"single-team-area\"><figure><img loading=\"lazy\" decoding=\"async\" width=\"245\" height=\"299\" src=\"https:\/\/xava.co.mz\/wp-content\/uploads\/2023\/04\/placeholder.png\" class=\"img-responsive rt-team-img\" alt=\"Eude Tsamba\" \/><\/figure><div class=\"tlp-content\"><h3><span class=\"team-name\">Eude Tsamba<\/span><\/h3><\/div><div class=\"contact-info\"><ul><li class=\"tlp-email\"><i class=\"far fa-envelope\"><\/i><a href=\"mailto:etsamba@xava.co.mz\"><span class=\"tlp-email\">etsamba@xava.co.mz<\/span><\/a><\/li><li class='tlp-mobile'><i class='fa fa-mobile'><\/i> <a href='tel:842004014'>842004014<\/a><\/li><li class=\"tlp-location\"><i class=\"fa fa-map-marker\"><\/i><span class=\"tlp-location\">Fundador e Director Geral<\/span><\/li><\/ul><\/div><\/div><\/div><div class=\"rt-col-md-4 rt-col-sm-6 rt-col-xs-12  even-grid-item rt-grid-item\" data-id=\"583\"><div class=\"single-team-area\"><figure><img loading=\"lazy\" decoding=\"async\" width=\"245\" height=\"299\" src=\"https:\/\/xava.co.mz\/wp-content\/uploads\/2023\/04\/placeholder.png\" class=\"img-responsive rt-team-img\" alt=\"Zuneid Mussa\" \/><\/figure><div class=\"tlp-content\"><h3><span class=\"team-name\">Zuneid Mussa<\/span><\/h3><\/div><div class=\"contact-info\"><ul><li class=\"tlp-email\"><i class=\"far fa-envelope\"><\/i><a href=\"mailto:zmussa@xava.co.mz\"><span class=\"tlp-email\">zmussa@xava.co.mz<\/span><\/a><\/li><li class='tlp-mobile'><i class='fa fa-mobile'><\/i> <a href='tel:842004014'>842004014<\/a><\/li><li class=\"tlp-location\"><i class=\"fa fa-map-marker\"><\/i><span class=\"tlp-location\">Director Operacional<\/span><\/li><\/ul><\/div><\/div><\/div><div class=\"rt-col-md-4 rt-col-sm-6 rt-col-xs-12  even-grid-item rt-grid-item\" data-id=\"585\"><div class=\"single-team-area\"><figure><img loading=\"lazy\" decoding=\"async\" width=\"245\" height=\"299\" src=\"https:\/\/xava.co.mz\/wp-content\/uploads\/2023\/04\/placeholder.png\" class=\"img-responsive rt-team-img\" alt=\"Samuel Macamo\" \/><\/figure><div class=\"tlp-content\"><h3><span class=\"team-name\">Samuel Macamo<\/span><\/h3><\/div><div class=\"contact-info\"><ul><li class=\"tlp-email\"><i class=\"far fa-envelope\"><\/i><a href=\"mailto:smacamo@xava.co.mz\"><span class=\"tlp-email\">smacamo@xava.co.mz<\/span><\/a><\/li><li class='tlp-mobile'><i class='fa fa-mobile'><\/i> <a href='tel:842004014'>842004014<\/a><\/li><li class=\"tlp-location\"><i class=\"fa fa-map-marker\"><\/i><span class=\"tlp-location\">Gestor Financeiro<\/span><\/li><\/ul><\/div><\/div><\/div><div class=\"rt-col-md-4 rt-col-sm-6 rt-col-xs-12  even-grid-item rt-grid-item\" data-id=\"580\"><div class=\"single-team-area\"><figure><img loading=\"lazy\" decoding=\"async\" width=\"245\" height=\"299\" src=\"https:\/\/xava.co.mz\/wp-content\/uploads\/2023\/04\/placeholder.png\" class=\"img-responsive rt-team-img\" alt=\"Sandra Viegas\" \/><\/figure><div class=\"tlp-content\"><h3><span class=\"team-name\">Sandra Viegas<\/span><\/h3><\/div><div class=\"contact-info\"><ul><li class=\"tlp-email\"><i class=\"far fa-envelope\"><\/i><a href=\"mailto:sviegas@xava.co.mz\"><span class=\"tlp-email\">sviegas@xava.co.mz<\/span><\/a><\/li><li class='tlp-mobile'><i class='fa fa-mobile'><\/i> <a href='tel:842004014'>842004014<\/a><\/li><li class=\"tlp-location\"><i class=\"fa fa-map-marker\"><\/i><span class=\"tlp-location\">Gestor de Escritorio<\/span><\/li><\/ul><\/div><\/div><\/div><div class=\"rt-col-md-4 rt-col-sm-6 rt-col-xs-12  even-grid-item rt-grid-item\" data-id=\"582\"><div class=\"single-team-area\"><figure><img loading=\"lazy\" decoding=\"async\" width=\"245\" height=\"299\" src=\"https:\/\/xava.co.mz\/wp-content\/uploads\/2023\/04\/placeholder.png\" class=\"img-responsive rt-team-img\" alt=\"Sidonio Fotine\" \/><\/figure><div class=\"tlp-content\"><h3><span class=\"team-name\">Sidonio Fotine<\/span><\/h3><\/div><div class=\"contact-info\"><ul><li class=\"tlp-email\"><i class=\"far fa-envelope\"><\/i><a href=\"mailto:sfotine@xava.co.mz\"><span class=\"tlp-email\">sfotine@xava.co.mz<\/span><\/a><\/li><li class='tlp-mobile'><i class='fa fa-mobile'><\/i> <a href='tel:842004014'>842004014<\/a><\/li><li class=\"tlp-location\"><i class=\"fa fa-map-marker\"><\/i><span class=\"tlp-location\">Gestor senior de Vendas IT<\/span><\/li><\/ul><\/div><\/div><\/div><div class=\"rt-col-md-4 rt-col-sm-6 rt-col-xs-12  even-grid-item rt-grid-item\" data-id=\"584\"><div class=\"single-team-area\"><figure><img loading=\"lazy\" decoding=\"async\" width=\"245\" height=\"299\" src=\"https:\/\/xava.co.mz\/wp-content\/uploads\/2023\/04\/placeholder.png\" class=\"img-responsive rt-team-img\" alt=\"Fernando Mueche\" \/><\/figure><div class=\"tlp-content\"><h3><span class=\"team-name\">Fernando Mueche<\/span><\/h3><\/div><div class=\"contact-info\"><ul><li class=\"tlp-email\"><i class=\"far fa-envelope\"><\/i><a href=\"mailto:fmueche@xava.co.mz\"><span class=\"tlp-email\">fmueche@xava.co.mz<\/span><\/a><\/li><li class='tlp-mobile'><i class='fa fa-mobile'><\/i> <a href='tel:842004014'>842004014<\/a><\/li><li class=\"tlp-location\"><i class=\"fa fa-map-marker\"><\/i><span class=\"tlp-location\">Gestor senior de Vendas Motas e Bicicletas<\/span><\/li><\/ul><\/div><\/div><\/div><div class=\"rt-loading-overlay\"><\/div><div class=\"rt-loading rt-ball-clip-rotate\"><div><\/div><\/div><\/div><\/div>\t\t\t\t\t\t<\/div>\n\t\t\t\t<\/div>\n\t\t\t\t\t<\/div>\n\t\t<\/div>\n\t\t\t\t\t\t\t<\/div>\n\t\t<\/section>\n\t\t\t\t\t\t\t<\/div>\n\t\t","protected":false},"excerpt":{"rendered":"<p>SOBRE N\u00d3S A XAVA \u00e9 uma empresa 100% mo\u00e7ambicana, jovem, criada em 2010 para atender uma crescente demanda do mercado pelo e-commerce. A experi\u00eancia e conhecimentos que adquirimos ao longo de mais de 12 anos de actividade profissional tem sido crucial para satisfazermos as exig\u00eancias dos nossos clientes. Hoje, a XAVA conta com uma equipa [&hellip;]<\/p>\n","protected":false},"author":1,"featured_media":0,"parent":0,"menu_order":0,"comment_status":"closed","ping_status":"closed","template":"","meta":{"footnotes":""},"class_list":["post-546","page","type-page","status-publish","hentry"],"_links":{"self":[{"href":"https:\/\/xava.co.mz\/index.php?rest_route=\/wp\/v2\/pages\/546","targetHints":{"allow":["GET"]}}],"collection":[{"href":"https:\/\/xava.co.mz\/index.php?rest_route=\/wp\/v2\/pages"}],"about":[{"href":"https:\/\/xava.co.mz\/index.php?rest_route=\/wp\/v2\/types\/page"}],"author":[{"embeddable":true,"href":"https:\/\/xava.co.mz\/index.php?rest_route=\/wp\/v2\/users\/1"}],"replies":[{"embeddable":true,"href":"https:\/\/xava.co.mz\/index.php?rest_route=%2Fwp%2Fv2%2Fcomments&post=546"}],"version-history":[{"count":58,"href":"https:\/\/xava.co.mz\/index.php?rest_route=\/wp\/v2\/pages\/546\/revisions"}],"predecessor-version":[{"id":1218,"href":"https:\/\/xava.co.mz\/index.php?rest_route=\/wp\/v2\/pages\/546\/revisions\/1218"}],"wp:attachment":[{"href":"https:\/\/xava.co.mz\/index.php?rest_route=%2Fwp%2Fv2%2Fmedia&parent=546"}],"curies":[{"name":"wp","href":"https:\/\/api.w.org\/{rel}","templated":true}]}}